{"id":90,"date":"2026-05-09T09:43:45","date_gmt":"2026-05-09T07:43:45","guid":{"rendered":"https:\/\/bwlokal.de\/?page_id=90"},"modified":"2026-05-09T09:43:45","modified_gmt":"2026-05-09T07:43:45","slug":"impressum","status":"publish","type":"page","link":"https:\/\/bwlokal.de\/index.php\/impressum\/","title":{"rendered":"Impressum"},"content":{"rendered":"\n<h1 class=\"wp-block-heading\">Impressum<\/h1>\n\n\n\n<h2 class=\"wp-block-heading\">Angaben gem\u00e4\u00df \u00a7 5 TMG<\/h2>\n\n\n\n<p>Patrick Brosi<br>Alexanderstra\u00dfe 21<br>74189 Weinsberg<\/p>\n\n\n\n<h2 class=\"wp-block-heading\">Kontakt<\/h2>\n\n\n\n<p>E-Mail: info@bwlokal.de<\/p>\n\n\n\n<h2 class=\"wp-block-heading\">Verantwortlich f\u00fcr den Inhalt nach \u00a7 55 Abs. 2 RStV<\/h2>\n\n\n\n<p>Patrick Brosi<br>Alexanderstra\u00dfe 21<br>74189 Weinsberg<\/p>\n\n\n\n<h2 class=\"wp-block-heading\">Hinweis<\/h2>\n\n\n\n<p>BWlokal ist ein privat betriebenes, nicht-kommerzielles Projekt ohne Gewinnerzielungsabsicht. Die Plattform wird ehrenamtlich betrieben.<\/p>\n\n\n\n<h2 class=\"wp-block-heading\">Haftung f\u00fcr Inhalte<\/h2>\n\n\n\n<p>Als Diensteanbieter sind wir gem\u00e4\u00df \u00a7 7 Abs.1 TMG f\u00fcr eigene Inhalte auf diesen Seiten nach den allgemeinen Gesetzen verantwortlich. Nach \u00a7\u00a7 8 bis 10 TMG sind wir als Diensteanbieter jedoch nicht verpflichtet, \u00fcbermittelte oder gespeicherte fremde Informationen zu \u00fcberwachen oder nach Umst\u00e4nden zu forschen, die auf eine rechtswidrige T\u00e4tigkeit hinweisen.<\/p>\n\n\n\n<h2 class=\"wp-block-heading\">Haftung f\u00fcr Links<\/h2>\n\n\n\n<p>Unser Angebot enth\u00e4lt Links zu externen Websites Dritter, auf deren Inhalte wir keinen Einfluss haben. Deshalb k\u00f6nnen wir f\u00fcr diese fremden Inhalte auch keine Gew\u00e4hr \u00fcbernehmen. F\u00fcr die Inhalte der verlinkten Seiten ist stets der jeweilige Anbieter oder Betreiber der Seiten verantwortlich.<\/p>\n\n\n\n<h2 class=\"wp-block-heading\">Urheberrecht<\/h2>\n\n\n\n<p>Die durch die Seitenbetreiber erstellten Inhalte und Werke auf diesen Seiten unterliegen dem deutschen Urheberrecht. Beitr\u00e4ge von B\u00fcrgerreportern bleiben im Eigentum der jeweiligen Autoren.<\/p>\n","protected":false},"excerpt":{"rendered":"<p>Impressum Angaben gem\u00e4\u00df \u00a7 5 TMG Patrick BrosiAlexanderstra\u00dfe 2174189 Weinsberg Kontakt E-Mail: info@bwlokal.de Verantwortlich f\u00fcr den Inhalt nach<\/p>\n","protected":false},"author":1,"featured_media":0,"parent":0,"menu_order":0,"comment_status":"closed","ping_status":"closed","template":"","meta":{"saved_in_kubio":false,"footnotes":""},"class_list":["post-90","page","type-page","status-publish","hentry"],"kubio_ai_page_context":{"short_desc":"","purpose":"general"},"_links":{"self":[{"href":"https:\/\/bwlokal.de\/index.php\/wp-json\/wp\/v2\/pages\/90","targetHints":{"allow":["GET"]}}],"collection":[{"href":"https:\/\/bwlokal.de\/index.php\/wp-json\/wp\/v2\/pages"}],"about":[{"href":"https:\/\/bwlokal.de\/index.php\/wp-json\/wp\/v2\/types\/page"}],"author":[{"embeddable":true,"href":"https:\/\/bwlokal.de\/index.php\/wp-json\/wp\/v2\/users\/1"}],"replies":[{"embeddable":true,"href":"https:\/\/bwlokal.de\/index.php\/wp-json\/wp\/v2\/comments?post=90"}],"version-history":[{"count":1,"href":"https:\/\/bwlokal.de\/index.php\/wp-json\/wp\/v2\/pages\/90\/revisions"}],"predecessor-version":[{"id":91,"href":"https:\/\/bwlokal.de\/index.php\/wp-json\/wp\/v2\/pages\/90\/revisions\/91"}],"wp:attachment":[{"href":"https:\/\/bwlokal.de\/index.php\/wp-json\/wp\/v2\/media?parent=90"}],"curies":[{"name":"wp","href":"https:\/\/api.w.org\/{rel}","templated":true}]}}